{"id":4649,"date":"2024-06-03T13:51:15","date_gmt":"2024-06-03T11:51:15","guid":{"rendered":"https:\/\/www.pavillongallatin.ch\/legal-notices\/"},"modified":"2025-04-24T10:28:34","modified_gmt":"2025-04-24T08:28:34","slug":"legal-notices","status":"publish","type":"page","link":"https:\/\/www.pavillongallatin.ch\/en\/legal-notices\/","title":{"rendered":"Legal notices"},"content":{"rendered":"<p>&nbsp;<\/p>\n<p>Publication manager: St\u00e9phane Pupillo<\/p>\n<p>PENTHES S\u00e0rl Company<\/p>\n<p>Siren : 270 404 119<\/p>\n<p>Address : <span class=\"body-md\">36 Avenue de Ch\u00e2telaine 1203 Geneva <\/span><\/p>\n<p>Phone : <a href=\"tel:+41782440487\" target=\"_blank\" rel=\"noopener\">+41 78 24 40 487<\/a><\/p>\n<p>The website is hosted by: <a href=\"https:\/\/www.infomaniak.com\" target=\"_blank\" rel=\"noopener\">INFOMANIAK<\/a> \u2013 Les Acacias, Geneva, Switzerland<\/p>\n","protected":false},"excerpt":{"rendered":"<p>&nbsp; Publication manager: St\u00e9phane Pupillo PENTHES S\u00e0rl Company Siren : 270 404 119 Address : 36 Avenue de Ch\u00e2telaine 1203 Geneva Phone : +41 78 24 40 487 The website is hosted by: INFOMANIAK \u2013 Les Acacias, Geneva, Switzerland<\/p>\n","protected":false},"author":1,"featured_media":0,"parent":0,"menu_order":0,"comment_status":"closed","ping_status":"closed","template":"","meta":{"footnotes":""},"class_list":["post-4649","page","type-page","status-publish","hentry"],"_links":{"self":[{"href":"https:\/\/www.pavillongallatin.ch\/en\/wp-json\/wp\/v2\/pages\/4649","targetHints":{"allow":["GET"]}}],"collection":[{"href":"https:\/\/www.pavillongallatin.ch\/en\/wp-json\/wp\/v2\/pages"}],"about":[{"href":"https:\/\/www.pavillongallatin.ch\/en\/wp-json\/wp\/v2\/types\/page"}],"author":[{"embeddable":true,"href":"https:\/\/www.pavillongallatin.ch\/en\/wp-json\/wp\/v2\/users\/1"}],"replies":[{"embeddable":true,"href":"https:\/\/www.pavillongallatin.ch\/en\/wp-json\/wp\/v2\/comments?post=4649"}],"version-history":[{"count":3,"href":"https:\/\/www.pavillongallatin.ch\/en\/wp-json\/wp\/v2\/pages\/4649\/revisions"}],"predecessor-version":[{"id":4654,"href":"https:\/\/www.pavillongallatin.ch\/en\/wp-json\/wp\/v2\/pages\/4649\/revisions\/4654"}],"wp:attachment":[{"href":"https:\/\/www.pavillongallatin.ch\/en\/wp-json\/wp\/v2\/media?parent=4649"}],"curies":[{"name":"wp","href":"https:\/\/api.w.org\/{rel}","templated":true}]}}