{"id":4657,"date":"2025-03-11T09:11:39","date_gmt":"2025-03-11T08:11:39","guid":{"rendered":"https:\/\/www.pavillongallatin.ch\/general-conditions-of-sale\/"},"modified":"2025-04-24T10:36:58","modified_gmt":"2025-04-24T08:36:58","slug":"general-conditions-of-sale","status":"publish","type":"page","link":"https:\/\/www.pavillongallatin.ch\/en\/general-conditions-of-sale\/","title":{"rendered":"General Conditions of Sale"},"content":{"rendered":"<h1 style=\"text-align: center;\">General rental and use conditions<\/h1>\n<p>PAVILLON GALLATIN<br \/>\n<a href=\"https:\/\/www.pavillongallatin.ch\/en\/\">www.pavillongallatin.ch<\/a><br \/>\n<a href=\"mailto:contact@pavillongallatin.ch\">contact@pavillongallatin.ch<\/a><br \/>\n<a href=\"tel:0041227332464\">+41 22 733 24 64<\/a><\/p>\n<h3>General Rental Terms<br \/>\nEffective from 1st April 2024<\/h3>\n<h5>ENGLISH VERSION<\/h5>\n<p>1. General Provisions and Scope :<br \/>\nThis document governs the rental conditions of the Pavillon Gallatin and its annexes located at Route de Pregny, 1292 Pregny-Chamb\u00e9sy, represented by &#8220;the owner&#8221; PENTHES S\u00e0rl, Avenue de Ch\u00e2telaine 36, 1203 Geneva.<br \/>\n2. Rental Duration :<br \/>\nThe rental duration is specified in the rental quote. The tenant undertakes to strictly adhere to the agreed-upon schedules and to vacate the premises at the end of the rental period.<br \/>\n3. Rental Rate, Payment and Reservation :<br \/>\nThe rental rate is specified in the rental quote and payment must be made according to the agreed-upon terms.<br \/>\nReservation is effective upon receipt of full payment and thus generates the rental contract. Any late payment may result in cancellation of the option or late penalties.<br \/>\n4. Subletting :<br \/>\nAny subletting of the premises assigned to the organizer is prohibited, except with the prior written consent of PENTHES S\u00e0rl.<br \/>\n5. Use of the Venue :<br \/>\nThe tenant agrees to use the venue only for the agreed-upon purposes and solely for private events. Any contrary usage is strictly prohibited. The tenant is responsible for ensuring that the event complies with applicable legal and regulatory standards. Hanging decorations and suspending technical equipment are strictly prohibited without the owner&#8217;s consent.<br \/>\n6. Event Hours and Noise Disturbances:<br \/>\nThe tenant is responsible for adhering to the schedule and maintaining neighborhood tranquility. For festive events, music may be played until:<br \/>\n&#8211; 10:00 PM outdoors<br \/>\n&#8211; 2:00 AM indoors<br \/>\nDuring the event, the sound volume must be limited to 93 dBa averaged over 1 hour on the dance floor.<br \/>\nAfter 2:00 AM, music may be played at a maximum sound volume of 80 dBa averaged over 1 hour.<br \/>\nIn case of violation, the tenant is responsible for the consequences. Any violation reported to the authorities by a third party after the event may be reported to the competent authority.<br \/>\n7. Responsibilities:<br \/>\nThe owner disclaims any liability for damages to the client&#8217;s property or to third parties during the rental period.<br \/>\nThe tenant is required to obtain liability insurance covering the event. Any damage must be reported no later than upon the return of the rented premises.<br \/>\n8. Safety and Fire Safety :<br \/>\nThe venue&#8217;s capacity is 300 people. In case of overcapacity, the owner disclaims any liability. The tenant is responsible for order, security, and fire safety during the rental period.<br \/>\nFireworks and pyrotechnic devices are prohibited.<br \/>\n9. Cancellation :<br \/>\nIn case of cancellation by the tenant, the following conditions apply:<br \/>\n\u2022 Up to 121 days before the event : 50% of the rental rate is due<br \/>\n\u2022 120 days before the event : 100% of the rental rate is due<br \/>\nIn case of cancellation by the venue owner for reasons beyond their control, the client will be entitled to a full refund of the amounts paid.<br \/>\n10. Cleaning and Waste Management :<br \/>\nCleaning of the premises after the event is detailed and quoted in the rental offer based on the type and duration of the event. However, the tenant shall ensure the collection and removal of waste from the Pavillon Gallatin, within the event perimeter around the Pavillon Gallatin, garden and parking area.<br \/>\nWaste must be collected and removed upon return of the venue. Any failure may result in additional cleaning fees.<br \/>\n11. Return of Premises :<br \/>\nThe tenant is obliged to return the premises in the condition resulting from a use consistent with the contract. Any breach of this obligation will result in renovation costs.<br \/>\n12. Contract Modification :<br \/>\nAny modification of the rental contract must be agreed upon in writing between the parties.<br \/>\n13. Applicable Law and Jurisdiction :<br \/>\nThese general conditions are available in French and English. In case of discrepancy between the two versions, the French version prevails. These general conditions are governed by Swiss law. The jurisdiction is in Geneva.<br \/>\nThe tenant agrees to comply with these general rental conditions and any other directives unconditionally.<\/p>\n","protected":false},"excerpt":{"rendered":"<p>General rental and use conditions PAVILLON GALLATIN www.pavillongallatin.ch contact@pavillongallatin.ch +41 22 733 24 64 General Rental Terms Effective from 1st April 2024 ENGLISH VERSION 1. General Provisions and Scope : This document governs the rental conditions of the Pavillon Gallatin and its annexes located at Route de Pregny, 1292 Pregny-Chamb\u00e9sy, represented by &#8220;the owner&#8221; PENTHES [&hellip;]<\/p>\n","protected":false},"author":1,"featured_media":0,"parent":0,"menu_order":0,"comment_status":"closed","ping_status":"closed","template":"","meta":{"footnotes":""},"class_list":["post-4657","page","type-page","status-publish","hentry"],"_links":{"self":[{"href":"https:\/\/www.pavillongallatin.ch\/en\/wp-json\/wp\/v2\/pages\/4657","targetHints":{"allow":["GET"]}}],"collection":[{"href":"https:\/\/www.pavillongallatin.ch\/en\/wp-json\/wp\/v2\/pages"}],"about":[{"href":"https:\/\/www.pavillongallatin.ch\/en\/wp-json\/wp\/v2\/types\/page"}],"author":[{"embeddable":true,"href":"https:\/\/www.pavillongallatin.ch\/en\/wp-json\/wp\/v2\/users\/1"}],"replies":[{"embeddable":true,"href":"https:\/\/www.pavillongallatin.ch\/en\/wp-json\/wp\/v2\/comments?post=4657"}],"version-history":[{"count":3,"href":"https:\/\/www.pavillongallatin.ch\/en\/wp-json\/wp\/v2\/pages\/4657\/revisions"}],"predecessor-version":[{"id":4660,"href":"https:\/\/www.pavillongallatin.ch\/en\/wp-json\/wp\/v2\/pages\/4657\/revisions\/4660"}],"wp:attachment":[{"href":"https:\/\/www.pavillongallatin.ch\/en\/wp-json\/wp\/v2\/media?parent=4657"}],"curies":[{"name":"wp","href":"https:\/\/api.w.org\/{rel}","templated":true}]}}